{"id":3529,"date":"2025-01-01T08:42:46","date_gmt":"2025-01-01T11:42:46","guid":{"rendered":"https:\/\/vcat.com.br\/privacy-policy\/"},"modified":"2025-09-17T15:10:58","modified_gmt":"2025-09-17T18:10:58","slug":"privacy-policy","status":"publish","type":"page","link":"https:\/\/vcat.com.br\/en\/privacy-policy\/","title":{"rendered":"Privacy Policy"},"content":{"rendered":"\t\t<div data-elementor-type=\"wp-page\" data-elementor-id=\"3529\" class=\"elementor elementor-3529 elementor-1675\" data-elementor-post-type=\"page\">\n\t\t\t\t<div class=\"elementor-element elementor-element-74852f9d e-con-full e-flex e-con e-parent\" data-id=\"74852f9d\" data-element_type=\"container\">\n\t\t\t\t<div class=\"elementor-element elementor-element-17194c05 elementor-hidden-tablet elementor-hidden-mobile elementor-widget elementor-widget-shortcode\" data-id=\"17194c05\" data-element_type=\"widget\" data-widget_type=\"shortcode.default\">\n\t\t\t\t<div class=\"elementor-widget-container\">\n\t\t\t\t\t\t\t<div class=\"elementor-shortcode\">\n\t\t\t<!-- START PAGE Pol\u00edticas de Privacidade REVOLUTION SLIDER 6.2.21 --><p class=\"rs-p-wp-fix\"><\/p>\n\t\t\t<rs-module-wrap id=\"rev_slider_25_1_wrapper\" data-source=\"gallery\" style=\"background:transparent;padding:0;\">\n\t\t\t\t<rs-module id=\"rev_slider_25_1\" style=\"\" data-version=\"6.2.21\">\n\t\t\t\t\t<rs-slides>\n\t\t\t\t\t\t<rs-slide data-key=\"rs-15\" data-title=\"Slide\" data-anim=\"ei:d;eo:d;s:1000;r:0;t:fade;sl:0;\">\n\t\t\t\t\t\t\t<img decoding=\"async\" src=\"\/\/vcat.com.br\/wp-content\/plugins\/revslider\/public\/assets\/assets\/transparent.png\" title=\"Privacy Policy\" class=\"rev-slidebg\" data-no-retina>\n\t\t\t\t\t\t\t<rs-bgvideo \n\t\t\t\t\t\t\t\tdata-video=\"vc:none;w:100%;h:100%;nse:false;l:true;ptimer:false;\"\n\t\t\t\t\t\t\t\tdata-ytid=\"TYAzxgVnuMY\"\n\t\t\t\t\t\t\t\tdata-vatr=\"version=3&amp;enablejsapi=1&amp;html5=1&amp;hd=1&amp;wmode=opaque&amp;showinfo=0&amp;rel=0&amp;origin=https:\/\/vcat.com.br;\"\n\t\t\t\t\t\t\t><\/rs-bgvideo>\n<!--\n\t\t\t\t\t\t\t--><rs-layer\n\t\t\t\t\t\t\t\tid=\"slider-25-slide-15-layer-0\" \n\t\t\t\t\t\t\t\tdata-type=\"shape\"\n\t\t\t\t\t\t\t\tdata-rsp_ch=\"on\"\n\t\t\t\t\t\t\t\tdata-xy=\"x:c;y:c;\"\n\t\t\t\t\t\t\t\tdata-text=\"w:normal;\"\n\t\t\t\t\t\t\t\tdata-dim=\"w:100%;h:100%;\"\n\t\t\t\t\t\t\t\tdata-basealign=\"slide\"\n\t\t\t\t\t\t\t\tdata-frame_999=\"o:0;st:w;\"\n\t\t\t\t\t\t\t\tstyle=\"z-index:8;background-color:rgba(0,0,0,0.3);\"\n\t\t\t\t\t\t\t> \n\t\t\t\t\t\t\t<\/rs-layer><!--\n\n\t\t\t\t\t\t\t--><rs-layer\n\t\t\t\t\t\t\t\tid=\"slider-25-slide-15-layer-1\" \n\t\t\t\t\t\t\t\tdata-type=\"text\"\n\t\t\t\t\t\t\t\tdata-color=\"#fff\"\n\t\t\t\t\t\t\t\tdata-rsp_ch=\"on\"\n\t\t\t\t\t\t\t\tdata-xy=\"x:c;y:c;\"\n\t\t\t\t\t\t\t\tdata-text=\"w:normal;s:60;l:70;ls:-1;fw:500;\"\n\t\t\t\t\t\t\t\tdata-dim=\"minh:0px;\"\n\t\t\t\t\t\t\t\tdata-frame_999=\"o:0;st:w;\"\n\t\t\t\t\t\t\t\tstyle=\"z-index:9;font-family:Montserrat;text-transform:uppercase;\"\n\t\t\t\t\t\t\t>POL\u00cdTICAS DE PRIVACIDADE \n\t\t\t\t\t\t\t<\/rs-layer><!--\n-->\t\t\t\t\t\t<\/rs-slide>\n\t\t\t\t\t<\/rs-slides>\n\t\t\t\t<\/rs-module>\n\t\t\t\t<script type=\"text\/javascript\">\n\t\t\t\t\tsetREVStartSize({c: 'rev_slider_25_1',rl:[1240,1024,778,480],el:[700],gw:[1300],gh:[700],type:'hero',justify:'',layout:'fullscreen',offsetContainer:'',offset:'',mh:\"0\"});\n\t\t\t\t\tvar\trevapi25,\n\t\t\t\t\t\ttpj;\n\t\t\t\t\tfunction revinit_revslider251() {\n\t\t\t\t\tjQuery(function() {\n\t\t\t\t\t\ttpj = jQuery;\n\t\t\t\t\t\trevapi25 = tpj(\"#rev_slider_25_1\");\n\t\t\t\t\t\tif(revapi25==undefined || revapi25.revolution == undefined){\n\t\t\t\t\t\t\trevslider_showDoubleJqueryError(\"rev_slider_25_1\");\n\t\t\t\t\t\t}else{\n\t\t\t\t\t\t\trevapi25.revolution({\n\t\t\t\t\t\t\t\tsliderType:\"hero\",\n\t\t\t\t\t\t\t\tsliderLayout:\"fullscreen\",\n\t\t\t\t\t\t\t\tvisibilityLevels:\"1240,1024,778,480\",\n\t\t\t\t\t\t\t\tgridwidth:1300,\n\t\t\t\t\t\t\t\tgridheight:700,\n\t\t\t\t\t\t\t\tspinner:\"spinner0\",\n\t\t\t\t\t\t\t\tperspective:600,\n\t\t\t\t\t\t\t\tperspectiveType:\"global\",\n\t\t\t\t\t\t\t\teditorheight:\"700,768,960,720\",\n\t\t\t\t\t\t\t\tresponsiveLevels:\"1240,1024,778,480\",\n\t\t\t\t\t\t\t\tignoreHeightChange:false,\n\t\t\t\t\t\t\t\tprogressBar:{disableProgressBar:true},\n\t\t\t\t\t\t\t\tnavigation: {\n\t\t\t\t\t\t\t\t\tonHoverStop:false\n\t\t\t\t\t\t\t\t},\n\t\t\t\t\t\t\t\tfallbacks: {\n\t\t\t\t\t\t\t\t\tallowHTML5AutoPlayOnAndroid:true\n\t\t\t\t\t\t\t\t},\n\t\t\t\t\t\t\t});\n\t\t\t\t\t\t}\n\t\t\t\t\t\t\n\t\t\t\t\t});\n\t\t\t\t\t} \/\/ End of RevInitScript\n\t\t\t\tif (document.readyState === \"loading\") window.addEventListener('DOMContentLoaded',function() { revinit_revslider251();}); else revinit_revslider251();\n\t\t\t\t<\/script>\n\t\t\t<\/rs-module-wrap>\n\t\t\t<!-- END REVOLUTION SLIDER -->\n<\/div>\n\t\t\t\t\t\t<\/div>\n\t\t\t\t<\/div>\n\t\t\t\t<div class=\"elementor-element elementor-element-56631f2d elementor-hidden-desktop elementor-widget elementor-widget-shortcode\" data-id=\"56631f2d\" data-element_type=\"widget\" data-widget_type=\"shortcode.default\">\n\t\t\t\t<div class=\"elementor-widget-container\">\n\t\t\t\t\t\t\t<div class=\"elementor-shortcode\">\n\t\t\t<!-- START PAGE Pol\u00edticas de Privacidade  MOBILE REVOLUTION SLIDER 6.2.21 --><p class=\"rs-p-wp-fix\"><\/p>\n\t\t\t<rs-module-wrap id=\"rev_slider_26_2_wrapper\" data-source=\"gallery\" style=\"background:transparent;padding:0;margin:0px auto;margin-top:0;margin-bottom:0;\">\n\t\t\t\t<rs-module id=\"rev_slider_26_2\" style=\"\" data-version=\"6.2.21\">\n\t\t\t\t\t<rs-slides>\n\t\t\t\t\t\t<rs-slide data-key=\"rs-34\" data-title=\"Slide\" data-anim=\"ei:d;eo:d;s:1000;r:0;t:fade;sl:0;\">\n\t\t\t\t\t\t\t<img decoding=\"async\" src=\"\/\/vcat.com.br\/wp-content\/plugins\/revslider\/public\/assets\/assets\/transparent.png\" title=\"Privacy Policy\" class=\"rev-slidebg\" data-no-retina>\n\t\t\t\t\t\t\t<rs-bgvideo \n\t\t\t\t\t\t\t\tdata-video=\"vc:none;w:100%;h:100%;nse:false;l:true;ptimer:false;\"\n\t\t\t\t\t\t\t\tdata-ytid=\"TYAzxgVnuMY\"\n\t\t\t\t\t\t\t\tdata-vatr=\"version=3&amp;enablejsapi=1&amp;html5=1&amp;hd=1&amp;wmode=opaque&amp;showinfo=0&amp;rel=0&amp;origin=https:\/\/vcat.com.br;\"\n\t\t\t\t\t\t\t><\/rs-bgvideo>\n<!--\n\t\t\t\t\t\t\t--><rs-layer\n\t\t\t\t\t\t\t\tid=\"slider-26-slide-34-layer-0\" \n\t\t\t\t\t\t\t\tdata-type=\"shape\"\n\t\t\t\t\t\t\t\tdata-rsp_ch=\"on\"\n\t\t\t\t\t\t\t\tdata-xy=\"x:c;y:c;\"\n\t\t\t\t\t\t\t\tdata-text=\"w:normal;\"\n\t\t\t\t\t\t\t\tdata-dim=\"w:100%;h:100%;\"\n\t\t\t\t\t\t\t\tdata-basealign=\"slide\"\n\t\t\t\t\t\t\t\tdata-frame_999=\"o:0;st:w;\"\n\t\t\t\t\t\t\t\tstyle=\"z-index:8;background-color:rgba(0,0,0,0.3);\"\n\t\t\t\t\t\t\t> \n\t\t\t\t\t\t\t<\/rs-layer><!--\n\n\t\t\t\t\t\t\t--><rs-layer\n\t\t\t\t\t\t\t\tid=\"slider-26-slide-34-layer-1\" \n\t\t\t\t\t\t\t\tdata-type=\"text\"\n\t\t\t\t\t\t\t\tdata-color=\"#fff\"\n\t\t\t\t\t\t\t\tdata-rsp_ch=\"on\"\n\t\t\t\t\t\t\t\tdata-xy=\"x:c;y:c;\"\n\t\t\t\t\t\t\t\tdata-text=\"w:normal;s:60;l:70;ls:-1;fw:500;a:center;\"\n\t\t\t\t\t\t\t\tdata-dim=\"minh:0px;\"\n\t\t\t\t\t\t\t\tdata-frame_999=\"o:0;st:w;\"\n\t\t\t\t\t\t\t\tstyle=\"z-index:9;font-family:Montserrat;text-transform:uppercase;\"\n\t\t\t\t\t\t\t>POL\u00cdTICAS DE<br \/>\nPRIVACIDADE \n\t\t\t\t\t\t\t<\/rs-layer><!--\n-->\t\t\t\t\t\t<\/rs-slide>\n\t\t\t\t\t<\/rs-slides>\n\t\t\t\t<\/rs-module>\n\t\t\t\t<script type=\"text\/javascript\">\n\t\t\t\t\tsetREVStartSize({c: 'rev_slider_26_2',rl:[1240,1024,778,480],el:[400],gw:[800],gh:[400],type:'standard',justify:'',layout:'fullwidth',mh:\"400px\"});\n\t\t\t\t\tvar\trevapi26,\n\t\t\t\t\t\ttpj;\n\t\t\t\t\tfunction revinit_revslider262() {\n\t\t\t\t\tjQuery(function() {\n\t\t\t\t\t\ttpj = jQuery;\n\t\t\t\t\t\trevapi26 = tpj(\"#rev_slider_26_2\");\n\t\t\t\t\t\tif(revapi26==undefined || revapi26.revolution == undefined){\n\t\t\t\t\t\t\trevslider_showDoubleJqueryError(\"rev_slider_26_2\");\n\t\t\t\t\t\t}else{\n\t\t\t\t\t\t\trevapi26.revolution({\n\t\t\t\t\t\t\t\tvisibilityLevels:\"1240,1024,778,480\",\n\t\t\t\t\t\t\t\tgridwidth:800,\n\t\t\t\t\t\t\t\tgridheight:400,\n\t\t\t\t\t\t\t\tminHeight:\"400px\",\n\t\t\t\t\t\t\t\tspinner:\"spinner0\",\n\t\t\t\t\t\t\t\tmaxHeight:\"400px\",\n\t\t\t\t\t\t\t\tperspective:600,\n\t\t\t\t\t\t\t\tperspectiveType:\"global\",\n\t\t\t\t\t\t\t\teditorheight:\"400,768,960,720\",\n\t\t\t\t\t\t\t\tresponsiveLevels:\"1240,1024,778,480\",\n\t\t\t\t\t\t\t\tprogressBar:{disableProgressBar:true},\n\t\t\t\t\t\t\t\tnavigation: {\n\t\t\t\t\t\t\t\t\tonHoverStop:false\n\t\t\t\t\t\t\t\t},\n\t\t\t\t\t\t\t\tfallbacks: {\n\t\t\t\t\t\t\t\t\tallowHTML5AutoPlayOnAndroid:true\n\t\t\t\t\t\t\t\t},\n\t\t\t\t\t\t\t});\n\t\t\t\t\t\t}\n\t\t\t\t\t\t\n\t\t\t\t\t});\n\t\t\t\t\t} \/\/ End of RevInitScript\n\t\t\t\tif (document.readyState === \"loading\") window.addEventListener('DOMContentLoaded',function() { revinit_revslider262();}); else revinit_revslider262();\n\t\t\t\t<\/script>\n\t\t\t<\/rs-module-wrap>\n\t\t\t<!-- END REVOLUTION SLIDER -->\n<\/div>\n\t\t\t\t\t\t<\/div>\n\t\t\t\t<\/div>\n\t\t\t\t<\/div>\n\t\t<div class=\"elementor-element elementor-element-8799f29 e-flex e-con-boxed e-con e-parent\" data-id=\"8799f29\" data-element_type=\"container\">\n\t\t\t\t\t<div class=\"e-con-inner\">\n\t\t<div class=\"elementor-element elementor-element-8d12479 e-flex e-con-boxed e-con e-child\" data-id=\"8d12479\" data-element_type=\"container\">\n\t\t\t\t\t<div class=\"e-con-inner\">\n\t\t\t\t<div class=\"elementor-element elementor-element-575b6cc elementor-widget elementor-widget-text-editor\" data-id=\"575b6cc\" data-element_type=\"widget\" data-widget_type=\"text-editor.default\">\n\t\t\t\t<div class=\"elementor-widget-container\">\n\t\t\t\t\t\t\t\t\t<p>Our website uses cookies to assist with your navigation, direct marketing content, improve our website content, perform analytics, and ensure the best possible experience.<\/p><p>Contact information provided on our website is not shared with third parties.<\/p><p><strong>When your data is collected:<br><\/strong>Information is collected through the contact form and Google Analytics reports<\/p><p><strong>Where the provided data is used:<\/strong><\/p><ul><li>To inform about potential promotions and news<\/li><li>Reports for visit analysis (browsing time, pages visited, devices used for access)<\/li><\/ul>\t\t\t\t\t\t\t\t<\/div>\n\t\t\t\t<\/div>\n\t\t\t\t<div class=\"elementor-element elementor-element-217a531 elementor-widget elementor-widget-text-editor\" data-id=\"217a531\" data-element_type=\"widget\" data-widget_type=\"text-editor.default\">\n\t\t\t\t<div class=\"elementor-widget-container\">\n\t\t\t\t\t\t\t\t\t<p><strong>It is important to make clear that by completing contact or registration forms on this website, you are allowing the use of data for the processes outlined on this page.<\/strong><\/p><p>It should be clear that the General Data Protection Law (LGPD) gives customers the right to revoke or request review of their data at any time through our customer service channels listed on the website.<\/p>\t\t\t\t\t\t\t\t<\/div>\n\t\t\t\t<\/div>\n\t\t\t\t\t<\/div>\n\t\t\t\t<\/div>\n\t\t\t\t\t<\/div>\n\t\t\t\t<\/div>\n\t\t\t\t<\/div>\n\t\t","protected":false},"excerpt":{"rendered":"<p>Our website uses cookies to assist with your navigation, direct marketing content, improve our website content, perform analytics, and ensure the best possible experience. Contact information provided on our website is not shared with third parties. When your data is collected:Information is collected through the contact form and Google Analytics reports Where the provided data [&hellip;]<\/p>\n","protected":false},"author":1,"featured_media":0,"parent":0,"menu_order":99,"comment_status":"closed","ping_status":"closed","template":"elementor_header_footer","meta":{"_acf_changed":false,"_joinchat":[],"footnotes":""},"class_list":["post-3529","page","type-page","status-publish","hentry"],"acf":[],"yoast_head":"<!-- This site is optimized with the Yoast SEO plugin v24.8.1 - https:\/\/yoast.com\/wordpress\/plugins\/seo\/ -->\n<title>VCAT &#8211; Privacy Policy<\/title>\n<meta name=\"robots\" content=\"noindex, follow, max-snippet:-1, max-image-preview:large, max-video-preview:-1\" \/>\n<meta property=\"og:locale\" content=\"en_US\" \/>\n<meta property=\"og:type\" content=\"article\" \/>\n<meta property=\"og:title\" content=\"VCAT &#8211; Privacy Policy\" \/>\n<meta property=\"og:description\" content=\"Our website uses cookies to assist with your navigation, direct marketing content, improve our website content, perform analytics, and ensure the best possible experience. Contact information provided on our website is not shared with third parties. When your data is collected:Information is collected through the contact form and Google Analytics reports Where the provided data [&hellip;]\" \/>\n<meta property=\"og:url\" content=\"https:\/\/vcat.com.br\/en\/privacy-policy\/\" \/>\n<meta property=\"og:site_name\" content=\"VCAT\" \/>\n<meta property=\"article:publisher\" content=\"https:\/\/www.facebook.com\/vcat.boats\/\" \/>\n<meta property=\"article:modified_time\" content=\"2025-09-17T18:10:58+00:00\" \/>\n<meta name=\"twitter:card\" content=\"summary_large_image\" \/>\n<meta name=\"twitter:label1\" content=\"Est. reading time\" \/>\n\t<meta name=\"twitter:data1\" content=\"1 minute\" \/>\n<script type=\"application\/ld+json\" class=\"yoast-schema-graph\">{\"@context\":\"https:\/\/schema.org\",\"@graph\":[{\"@type\":\"WebPage\",\"@id\":\"https:\/\/vcat.com.br\/en\/privacy-policy\/\",\"url\":\"https:\/\/vcat.com.br\/en\/privacy-policy\/\",\"name\":\"VCAT &#8211; Privacy Policy\",\"isPartOf\":{\"@id\":\"https:\/\/vcat.com.br\/en\/#website\"},\"datePublished\":\"2025-01-01T11:42:46+00:00\",\"dateModified\":\"2025-09-17T18:10:58+00:00\",\"breadcrumb\":{\"@id\":\"https:\/\/vcat.com.br\/en\/privacy-policy\/#breadcrumb\"},\"inLanguage\":\"en-US\",\"potentialAction\":[{\"@type\":\"ReadAction\",\"target\":[\"https:\/\/vcat.com.br\/en\/privacy-policy\/\"]}]},{\"@type\":\"BreadcrumbList\",\"@id\":\"https:\/\/vcat.com.br\/en\/privacy-policy\/#breadcrumb\",\"itemListElement\":[{\"@type\":\"ListItem\",\"position\":1,\"name\":\"In\u00edcio\",\"item\":\"https:\/\/vcat.com.br\/en\/\"},{\"@type\":\"ListItem\",\"position\":2,\"name\":\"Privacy Policy\"}]},{\"@type\":\"WebSite\",\"@id\":\"https:\/\/vcat.com.br\/en\/#website\",\"url\":\"https:\/\/vcat.com.br\/en\/\",\"name\":\"VCAT\",\"description\":\"A VCAT \u00e9 l\u00edder na produ\u00e7\u00e3o de pontoon boats trimar\u00e3s no Brasil - It&#039;s not a pontoon. It&#039;s a VCAT.\",\"publisher\":{\"@id\":\"https:\/\/vcat.com.br\/en\/#organization\"},\"alternateName\":\"VCAT Boats\",\"potentialAction\":[{\"@type\":\"SearchAction\",\"target\":{\"@type\":\"EntryPoint\",\"urlTemplate\":\"https:\/\/vcat.com.br\/en\/?s={search_term_string}\"},\"query-input\":{\"@type\":\"PropertyValueSpecification\",\"valueRequired\":true,\"valueName\":\"search_term_string\"}}],\"inLanguage\":\"en-US\"},{\"@type\":\"Organization\",\"@id\":\"https:\/\/vcat.com.br\/en\/#organization\",\"name\":\"VCAT\",\"alternateName\":\"VCAT Boats\",\"url\":\"https:\/\/vcat.com.br\/en\/\",\"logo\":{\"@type\":\"ImageObject\",\"inLanguage\":\"en-US\",\"@id\":\"https:\/\/vcat.com.br\/en\/#\/schema\/logo\/image\/\",\"url\":\"https:\/\/vcat.com.br\/novo\/wp-content\/uploads\/2025\/04\/design-sem-nome-3.png\",\"contentUrl\":\"https:\/\/vcat.com.br\/novo\/wp-content\/uploads\/2025\/04\/design-sem-nome-3.png\",\"width\":1080,\"height\":1080,\"caption\":\"VCAT\"},\"image\":{\"@id\":\"https:\/\/vcat.com.br\/en\/#\/schema\/logo\/image\/\"},\"sameAs\":[\"https:\/\/www.facebook.com\/vcat.boats\/\",\"https:\/\/www.youtube.com\/channel\/UCBPXWnotIhgru-mCqeONdLA\",\"https:\/\/www.instagram.com\/vcat.boats\/\",\"https:\/\/www.linkedin.com\/company\/vcatboats\/\"]}]}<\/script>\n<!-- \/ Yoast SEO plugin. -->","yoast_head_json":{"title":"VCAT &#8211; Privacy Policy","robots":{"index":"noindex","follow":"follow","max-snippet":"max-snippet:-1","max-image-preview":"max-image-preview:large","max-video-preview":"max-video-preview:-1"},"og_locale":"en_US","og_type":"article","og_title":"VCAT &#8211; Privacy Policy","og_description":"Our website uses cookies to assist with your navigation, direct marketing content, improve our website content, perform analytics, and ensure the best possible experience. Contact information provided on our website is not shared with third parties. When your data is collected:Information is collected through the contact form and Google Analytics reports Where the provided data [&hellip;]","og_url":"https:\/\/vcat.com.br\/en\/privacy-policy\/","og_site_name":"VCAT","article_publisher":"https:\/\/www.facebook.com\/vcat.boats\/","article_modified_time":"2025-09-17T18:10:58+00:00","twitter_card":"summary_large_image","twitter_misc":{"Est. reading time":"1 minute"},"schema":{"@context":"https:\/\/schema.org","@graph":[{"@type":"WebPage","@id":"https:\/\/vcat.com.br\/en\/privacy-policy\/","url":"https:\/\/vcat.com.br\/en\/privacy-policy\/","name":"VCAT &#8211; Privacy Policy","isPartOf":{"@id":"https:\/\/vcat.com.br\/en\/#website"},"datePublished":"2025-01-01T11:42:46+00:00","dateModified":"2025-09-17T18:10:58+00:00","breadcrumb":{"@id":"https:\/\/vcat.com.br\/en\/privacy-policy\/#breadcrumb"},"inLanguage":"en-US","potentialAction":[{"@type":"ReadAction","target":["https:\/\/vcat.com.br\/en\/privacy-policy\/"]}]},{"@type":"BreadcrumbList","@id":"https:\/\/vcat.com.br\/en\/privacy-policy\/#breadcrumb","itemListElement":[{"@type":"ListItem","position":1,"name":"In\u00edcio","item":"https:\/\/vcat.com.br\/en\/"},{"@type":"ListItem","position":2,"name":"Privacy Policy"}]},{"@type":"WebSite","@id":"https:\/\/vcat.com.br\/en\/#website","url":"https:\/\/vcat.com.br\/en\/","name":"VCAT","description":"A VCAT \u00e9 l\u00edder na produ\u00e7\u00e3o de pontoon boats trimar\u00e3s no Brasil - It&#039;s not a pontoon. It&#039;s a VCAT.","publisher":{"@id":"https:\/\/vcat.com.br\/en\/#organization"},"alternateName":"VCAT Boats","potentialAction":[{"@type":"SearchAction","target":{"@type":"EntryPoint","urlTemplate":"https:\/\/vcat.com.br\/en\/?s={search_term_string}"},"query-input":{"@type":"PropertyValueSpecification","valueRequired":true,"valueName":"search_term_string"}}],"inLanguage":"en-US"},{"@type":"Organization","@id":"https:\/\/vcat.com.br\/en\/#organization","name":"VCAT","alternateName":"VCAT Boats","url":"https:\/\/vcat.com.br\/en\/","logo":{"@type":"ImageObject","inLanguage":"en-US","@id":"https:\/\/vcat.com.br\/en\/#\/schema\/logo\/image\/","url":"https:\/\/vcat.com.br\/novo\/wp-content\/uploads\/2025\/04\/design-sem-nome-3.png","contentUrl":"https:\/\/vcat.com.br\/novo\/wp-content\/uploads\/2025\/04\/design-sem-nome-3.png","width":1080,"height":1080,"caption":"VCAT"},"image":{"@id":"https:\/\/vcat.com.br\/en\/#\/schema\/logo\/image\/"},"sameAs":["https:\/\/www.facebook.com\/vcat.boats\/","https:\/\/www.youtube.com\/channel\/UCBPXWnotIhgru-mCqeONdLA","https:\/\/www.instagram.com\/vcat.boats\/","https:\/\/www.linkedin.com\/company\/vcatboats\/"]}]}},"_links":{"self":[{"href":"https:\/\/vcat.com.br\/en\/wp-json\/wp\/v2\/pages\/3529","targetHints":{"allow":["GET"]}}],"collection":[{"href":"https:\/\/vcat.com.br\/en\/wp-json\/wp\/v2\/pages"}],"about":[{"href":"https:\/\/vcat.com.br\/en\/wp-json\/wp\/v2\/types\/page"}],"author":[{"embeddable":true,"href":"https:\/\/vcat.com.br\/en\/wp-json\/wp\/v2\/users\/1"}],"replies":[{"embeddable":true,"href":"https:\/\/vcat.com.br\/en\/wp-json\/wp\/v2\/comments?post=3529"}],"version-history":[{"count":2,"href":"https:\/\/vcat.com.br\/en\/wp-json\/wp\/v2\/pages\/3529\/revisions"}],"predecessor-version":[{"id":3531,"href":"https:\/\/vcat.com.br\/en\/wp-json\/wp\/v2\/pages\/3529\/revisions\/3531"}],"wp:attachment":[{"href":"https:\/\/vcat.com.br\/en\/wp-json\/wp\/v2\/media?parent=3529"}],"curies":[{"name":"wp","href":"https:\/\/api.w.org\/{rel}","templated":true}]}}